{"id":69,"date":"2022-04-02T06:21:04","date_gmt":"2022-04-02T06:21:04","guid":{"rendered":"https:\/\/senorsoat.com\/index.php\/home\/"},"modified":"2025-08-03T20:31:14","modified_gmt":"2025-08-03T20:31:14","slug":"inicio","status":"publish","type":"page","link":"https:\/\/senorsoat.com\/","title":{"rendered":"Inicio"},"content":{"rendered":"\n<div class=\"wp-block-uagb-container uagb-block-2934f5bb alignfull uagb-is-root-container\"><div class=\"uagb-container-inner-blocks-wrap\">\n<div class=\"wp-block-uagb-advanced-heading uagb-block-9f3af6c1\"><h1 class=\"uagb-heading-text\"><strong>Se\u00f1or SOAT<\/strong><\/h1><p class=\"uagb-desc-text\">Tu Asesor de Confianza<\/p><\/div>\n<\/div><\/div>\n\n\n\n<div class=\"wp-block-uagb-container uagb-block-da285955 alignfull uagb-is-root-container\">\n<div class=\"wp-block-uagb-buttons uagb-buttons__outer-wrap uagb-btn__default-btn uagb-btn-tablet__default-btn uagb-btn-mobile__default-btn uagb-block-6b621de8\"><div class=\"uagb-buttons__wrap uagb-buttons-layout-wrap \">\n<div class=\"wp-block-uagb-buttons-child uagb-buttons__outer-wrap uagb-block-47ccec2c wp-block-button\"><div class=\"uagb-button__wrapper\"><a class=\"uagb-buttons-repeater wp-block-button__link\" aria-label=\"\" href=\"https:\/\/bit.ly\/SE\u00d1ORSOAT\" rel=\"follow noopener\" target=\"_self\" role=\"button\"><div class=\"uagb-button__link\"> COMPRAR SOAT<\/div><\/a><\/div><\/div>\n<\/div><\/div>\n\n\n\n<div class=\"wp-block-uagb-image aligncenter uagb-block-3d91b918 wp-block-uagb-image--layout-default wp-block-uagb-image--effect-static wp-block-uagb-image--align-center\"><figure class=\"wp-block-uagb-image__figure\"><img decoding=\"async\" srcset=\"https:\/\/senorsoat.com\/wp-content\/uploads\/2024\/06\/portada-youtube-sr-soat.jpg \" sizes=\"(max-width: 480px) 150px\" src=\"https:\/\/senorsoat.com\/wp-content\/uploads\/2024\/06\/portada-youtube-sr-soat.jpg\" alt=\"\" class=\"uag-image-735\" width=\"2500\" height=\"1400\" title=\"\" loading=\"lazy\" role=\"img\"\/><\/figure><\/div>\n<\/div>\n\n\n\n<div class=\"wp-block-uagb-info-box uagb-block-9456a2b5 uagb-infobox__content-wrap  uagb-infobox-icon-above-title uagb-infobox-image-valign-top\"><div class=\"uagb-ifb-content\"><div class=\"uagb-ifb-title-wrap\"><h2 class=\"uagb-ifb-title\">Conduce mas seguro con<br> SE\u00d1OR SOAT<\/h2><\/div><p class=\"uagb-ifb-desc\">Entendemos que un accidente de tr\u00e1nsito puede cambiar la vida en un instante. En se\u00f1or SOAT somos especialistas  en la representaci\u00f3n legal post-accidente, nos dedicamos a proteger los derechos e intereses de nuestros clientes<\/p><div class=\"uagb-ifb-button-wrapper uagb-ifb-button-type-text wp-block-button\"><a href=\"#\" target=\"_self\" onclick=\"return false;\" class=\"uagb-infobox-cta-link wp-block-button__link\" rel=\"noopener noreferrer\"><span class=\"uagb-inline-editing\"><\/span><\/a><\/div><\/div><\/div>\n\n\n\n<div class=\"wp-block-uagb-container uagb-block-6d1b9930 alignfull uagb-is-root-container\">\n<div class=\"wp-block-uagb-container uagb-block-65b54a20\">\n<div class=\"wp-block-uagb-image uagb-block-b97ca7aa wp-block-uagb-image--layout-default wp-block-uagb-image--effect-static wp-block-uagb-image--align-none\"><figure class=\"wp-block-uagb-image__figure\"><img decoding=\"async\" srcset=\"https:\/\/senorsoat.com\/wp-content\/uploads\/2024\/06\/reviciones-tecnias-sennor-soat-1024x573.jpg \" sizes=\"(max-width: 480px) 150px\" src=\"https:\/\/senorsoat.com\/wp-content\/uploads\/2024\/06\/reviciones-tecnias-sennor-soat-1024x573.jpg\" alt=\"\" class=\"uag-image-743\" width=\"1024\" height=\"573\" title=\"\" loading=\"lazy\" role=\"img\"\/><\/figure><\/div>\n<\/div>\n\n\n\n<div class=\"wp-block-uagb-container uagb-block-52e257d2\">\n<div class=\"wp-block-uagb-advanced-heading uagb-block-fff799a3\"><h2 class=\"uagb-heading-text\">Tu SOAT trae mas beneficios<\/h2><p class=\"uagb-desc-text\">Solo aqu\u00ed  tu SOAT viene con servicio de GRUA , Auxilio Mecanico y Revisiones T\u00e9cnicas vehiculares, con grandes descuentos<\/p><\/div>\n<\/div>\n<\/div>\n\n\n\n<div class=\"wp-block-uagb-container uagb-block-4041058e alignfull uagb-is-root-container\"><div class=\"uagb-container-inner-blocks-wrap\">\n<div class=\"wp-block-uagb-advanced-heading uagb-block-d8b601d6\"><h2 class=\"uagb-heading-text\">Contactanos<\/h2><p class=\"uagb-desc-text\">\u00bfQuieres conocer el mejor SOAT?<\/p><\/div>\n\n\n<div class=\"wpforms-container wpforms-block wpforms-block-f4d0e3d0-3c58-4ce2-b326-238d94a087ba\" id=\"wpforms-40\"><form id=\"wpforms-form-40\" class=\"wpforms-validate wpforms-form wpforms-ajax-form\" data-formid=\"40\" method=\"post\" enctype=\"multipart\/form-data\" action=\"\/index.php\/wp-json\/wp\/v2\/pages\/69\" data-token=\"1471cddf4c244857585d436bca3f973b\" data-token-time=\"1776122353\"><noscript class=\"wpforms-error-noscript\">Por favor, activa JavaScript en tu navegador para completar este formulario.<\/noscript><div class=\"wpforms-field-container\"><div id=\"wpforms-40-field_4-container\" class=\"wpforms-field wpforms-field-name wpforms-one-half wpforms-first\" data-field-id=\"4\"><label class=\"wpforms-field-label wpforms-label-hide\" for=\"wpforms-40-field_4\">Nombre y apellidos <span class=\"wpforms-required-label\">*<\/span><\/label><div class=\"wpforms-field-row wpforms-field-large\"><div class=\"wpforms-field-row-block wpforms-first wpforms-one-half\"><input type=\"text\" id=\"wpforms-40-field_4\" class=\"wpforms-field-name-first wpforms-field-required\" name=\"wpforms[fields][4][first]\" placeholder=\"Nombre\" required><label for=\"wpforms-40-field_4\" class=\"wpforms-field-sublabel after wpforms-sublabel-hide\">Nombre<\/label><\/div><div class=\"wpforms-field-row-block wpforms-one-half\"><input type=\"text\" id=\"wpforms-40-field_4-last\" class=\"wpforms-field-name-last wpforms-field-required\" name=\"wpforms[fields][4][last]\" placeholder=\"Apellido\" required><label for=\"wpforms-40-field_4-last\" class=\"wpforms-field-sublabel after wpforms-sublabel-hide\">Apellidos<\/label><\/div><\/div><\/div><div id=\"wpforms-40-field_1-container\" class=\"wpforms-field wpforms-field-email wpforms-one-half\" data-field-id=\"1\"><label class=\"wpforms-field-label wpforms-label-hide\" for=\"wpforms-40-field_1\">Correo electr\u00f3nico Email <span class=\"wpforms-required-label\">*<\/span><\/label><input type=\"email\" id=\"wpforms-40-field_1\" class=\"wpforms-field-large wpforms-field-required\" name=\"wpforms[fields][1]\" placeholder=\"Correo electronico\" spellcheck=\"false\" required><\/div><div id=\"wpforms-40-field_2-container\" class=\"wpforms-field wpforms-field-textarea\" data-field-id=\"2\"><label class=\"wpforms-field-label wpforms-label-hide\" for=\"wpforms-40-field_2\">Comentarios <span class=\"wpforms-required-label\">*<\/span><\/label><textarea id=\"wpforms-40-field_2\" class=\"wpforms-field-medium wpforms-field-required\" name=\"wpforms[fields][2]\" placeholder=\"Comentarios\" required><\/textarea><\/div><\/div><!-- .wpforms-field-container --><div class=\"wpforms-submit-container\" ><input type=\"hidden\" name=\"wpforms[id]\" value=\"40\"><input type=\"hidden\" name=\"page_title\" value=\"\"><input type=\"hidden\" name=\"page_url\" value=\"https:\/\/senorsoat.com\/index.php\/wp-json\/wp\/v2\/pages\/69\"><input type=\"hidden\" name=\"url_referer\" value=\"\"><button type=\"submit\" name=\"wpforms[submit]\" id=\"wpforms-submit-40\" class=\"wpforms-submit\" data-alt-text=\"Cargando..\" data-submit-text=\"Enviar\" aria-live=\"assertive\" value=\"wpforms-submit\">Enviar<\/button><img decoding=\"async\" loading=\"lazy\" src=\"https:\/\/senorsoat.com\/wp-content\/plugins\/wpforms-lite\/assets\/images\/submit-spin.svg\" class=\"wpforms-submit-spinner\" style=\"display: none;\" width=\"26\" height=\"26\" alt=\"Cargando\"><\/div><\/form><\/div>  <!-- .wpforms-container --><\/div><\/div>\n","protected":false},"excerpt":{"rendered":"<p>Se\u00f1or SOAT Tu Asesor de Confianza Tu SOAT trae mas beneficios Solo aqu\u00ed tu SOAT viene con servicio de GRUA , Auxilio Mecanico y Revisiones T\u00e9cnicas vehiculares, con grandes descuentos Contactanos \u00bfQuieres conocer el mejor SOAT?<\/p>\n","protected":false},"author":1,"featured_media":0,"parent":0,"menu_order":0,"comment_status":"closed","ping_status":"closed","template":"","meta":{"om_disable_all_campaigns":false,"_uag_custom_page_level_css":"","_monsterinsights_skip_tracking":false,"_monsterinsights_sitenote_active":false,"_monsterinsights_sitenote_note":"","_monsterinsights_sitenote_category":0,"_uf_show_specific_survey":0,"_uf_disable_surveys":false,"site-sidebar-layout":"no-sidebar","site-content-layout":"page-builder","ast-global-header-display":"","ast-banner-title-visibility":"","ast-main-header-display":"","ast-hfb-above-header-display":"","ast-hfb-below-header-display":"","ast-hfb-mobile-header-display":"","site-post-title":"disabled","ast-breadcrumbs-content":"","ast-featured-img":"disabled","footer-sml-layout":"","theme-transparent-header-meta":"","adv-header-id-meta":"","stick-header-meta":"","header-above-stick-meta":"","header-main-stick-meta":"","header-below-stick-meta":"","_joinchat":[]},"yoast_head":"<!-- This site is optimized with the Yoast SEO plugin v21.5 - https:\/\/yoast.com\/wordpress\/plugins\/seo\/ -->\n<title>Inicio - se\u00f1or soat<\/title>\n<meta name=\"description\" content=\"Soat digital en ica SE\u00d1OR SOAT, el mejor soat con los mejores beneficios en grua , auxilio mecanico y asesoria en el accidente.\" \/>\n<meta name=\"robots\" content=\"index, follow, max-snippet:-1, max-image-preview:large, max-video-preview:-1\" \/>\n<link rel=\"canonical\" href=\"https:\/\/senorsoat.com\/\" \/>\n<meta property=\"og:locale\" content=\"es_ES\" \/>\n<meta property=\"og:type\" content=\"article\" \/>\n<meta property=\"og:title\" content=\"Inicio - se\u00f1or soat\" \/>\n<meta property=\"og:description\" content=\"Soat digital en ica SE\u00d1OR SOAT, el mejor soat con los mejores beneficios en grua , auxilio mecanico y asesoria en el accidente.\" \/>\n<meta property=\"og:url\" content=\"https:\/\/senorsoat.com\/\" \/>\n<meta property=\"og:site_name\" content=\"se\u00f1or soat\" \/>\n<meta property=\"article:modified_time\" content=\"2025-08-03T20:31:14+00:00\" \/>\n<meta property=\"og:image\" content=\"https:\/\/senorsoat.com\/wp-content\/uploads\/2024\/06\/portada-youtube-sr-soat.jpg\" \/>\n<meta name=\"twitter:card\" content=\"summary_large_image\" \/>\n<meta name=\"twitter:label1\" content=\"Tiempo de lectura\" \/>\n\t<meta name=\"twitter:data1\" content=\"1 minuto\" \/>\n<script type=\"application\/ld+json\" class=\"yoast-schema-graph\">{\"@context\":\"https:\/\/schema.org\",\"@graph\":[{\"@type\":\"WebPage\",\"@id\":\"https:\/\/senorsoat.com\/\",\"url\":\"https:\/\/senorsoat.com\/\",\"name\":\"Inicio - se\u00f1or soat\",\"isPartOf\":{\"@id\":\"https:\/\/senorsoat.com\/#website\"},\"datePublished\":\"2022-04-02T06:21:04+00:00\",\"dateModified\":\"2025-08-03T20:31:14+00:00\",\"description\":\"Soat digital en ica SE\u00d1OR SOAT, el mejor soat con los mejores beneficios en grua , auxilio mecanico y asesoria en el accidente.\",\"breadcrumb\":{\"@id\":\"https:\/\/senorsoat.com\/#breadcrumb\"},\"inLanguage\":\"es\",\"potentialAction\":[{\"@type\":\"ReadAction\",\"target\":[\"https:\/\/senorsoat.com\/\"]}]},{\"@type\":\"BreadcrumbList\",\"@id\":\"https:\/\/senorsoat.com\/#breadcrumb\",\"itemListElement\":[{\"@type\":\"ListItem\",\"position\":1,\"name\":\"Portada\",\"item\":\"https:\/\/senorsoat.com\/\"},{\"@type\":\"ListItem\",\"position\":2,\"name\":\"Inicio\"}]},{\"@type\":\"WebSite\",\"@id\":\"https:\/\/senorsoat.com\/#website\",\"url\":\"https:\/\/senorsoat.com\/\",\"name\":\"se\u00f1or soat\",\"description\":\"\",\"publisher\":{\"@id\":\"https:\/\/senorsoat.com\/#organization\"},\"potentialAction\":[{\"@type\":\"SearchAction\",\"target\":{\"@type\":\"EntryPoint\",\"urlTemplate\":\"https:\/\/senorsoat.com\/?s={search_term_string}\"},\"query-input\":\"required name=search_term_string\"}],\"inLanguage\":\"es\"},{\"@type\":\"Organization\",\"@id\":\"https:\/\/senorsoat.com\/#organization\",\"name\":\"se\u00f1or soat\",\"url\":\"https:\/\/senorsoat.com\/\",\"logo\":{\"@type\":\"ImageObject\",\"inLanguage\":\"es\",\"@id\":\"https:\/\/senorsoat.com\/#\/schema\/logo\/image\/\",\"url\":\"https:\/\/senorsoat.com\/wp-content\/uploads\/2025\/08\/cropped-SENOR-SOAT-LOGO1.png\",\"contentUrl\":\"https:\/\/senorsoat.com\/wp-content\/uploads\/2025\/08\/cropped-SENOR-SOAT-LOGO1.png\",\"width\":1415,\"height\":838,\"caption\":\"se\u00f1or soat\"},\"image\":{\"@id\":\"https:\/\/senorsoat.com\/#\/schema\/logo\/image\/\"}}]}<\/script>\n<!-- \/ Yoast SEO plugin. -->","yoast_head_json":{"title":"Inicio - se\u00f1or soat","description":"Soat digital en ica SE\u00d1OR SOAT, el mejor soat con los mejores beneficios en grua , auxilio mecanico y asesoria en el accidente.","robots":{"index":"index","follow":"follow","max-snippet":"max-snippet:-1","max-image-preview":"max-image-preview:large","max-video-preview":"max-video-preview:-1"},"canonical":"https:\/\/senorsoat.com\/","og_locale":"es_ES","og_type":"article","og_title":"Inicio - se\u00f1or soat","og_description":"Soat digital en ica SE\u00d1OR SOAT, el mejor soat con los mejores beneficios en grua , auxilio mecanico y asesoria en el accidente.","og_url":"https:\/\/senorsoat.com\/","og_site_name":"se\u00f1or soat","article_modified_time":"2025-08-03T20:31:14+00:00","og_image":[{"url":"https:\/\/senorsoat.com\/wp-content\/uploads\/2024\/06\/portada-youtube-sr-soat.jpg"}],"twitter_card":"summary_large_image","twitter_misc":{"Tiempo de lectura":"1 minuto"},"schema":{"@context":"https:\/\/schema.org","@graph":[{"@type":"WebPage","@id":"https:\/\/senorsoat.com\/","url":"https:\/\/senorsoat.com\/","name":"Inicio - se\u00f1or soat","isPartOf":{"@id":"https:\/\/senorsoat.com\/#website"},"datePublished":"2022-04-02T06:21:04+00:00","dateModified":"2025-08-03T20:31:14+00:00","description":"Soat digital en ica SE\u00d1OR SOAT, el mejor soat con los mejores beneficios en grua , auxilio mecanico y asesoria en el accidente.","breadcrumb":{"@id":"https:\/\/senorsoat.com\/#breadcrumb"},"inLanguage":"es","potentialAction":[{"@type":"ReadAction","target":["https:\/\/senorsoat.com\/"]}]},{"@type":"BreadcrumbList","@id":"https:\/\/senorsoat.com\/#breadcrumb","itemListElement":[{"@type":"ListItem","position":1,"name":"Portada","item":"https:\/\/senorsoat.com\/"},{"@type":"ListItem","position":2,"name":"Inicio"}]},{"@type":"WebSite","@id":"https:\/\/senorsoat.com\/#website","url":"https:\/\/senorsoat.com\/","name":"se\u00f1or soat","description":"","publisher":{"@id":"https:\/\/senorsoat.com\/#organization"},"potentialAction":[{"@type":"SearchAction","target":{"@type":"EntryPoint","urlTemplate":"https:\/\/senorsoat.com\/?s={search_term_string}"},"query-input":"required name=search_term_string"}],"inLanguage":"es"},{"@type":"Organization","@id":"https:\/\/senorsoat.com\/#organization","name":"se\u00f1or soat","url":"https:\/\/senorsoat.com\/","logo":{"@type":"ImageObject","inLanguage":"es","@id":"https:\/\/senorsoat.com\/#\/schema\/logo\/image\/","url":"https:\/\/senorsoat.com\/wp-content\/uploads\/2025\/08\/cropped-SENOR-SOAT-LOGO1.png","contentUrl":"https:\/\/senorsoat.com\/wp-content\/uploads\/2025\/08\/cropped-SENOR-SOAT-LOGO1.png","width":1415,"height":838,"caption":"se\u00f1or soat"},"image":{"@id":"https:\/\/senorsoat.com\/#\/schema\/logo\/image\/"}}]}},"uagb_featured_image_src":{"full":false,"thumbnail":false,"medium":false,"medium_large":false,"large":false,"1536x1536":false,"2048x2048":false},"uagb_author_info":{"display_name":"senorsoat.com","author_link":"https:\/\/senorsoat.com\/index.php\/author\/senorsoat-com\/"},"uagb_comment_info":0,"uagb_excerpt":"Se\u00f1or SOAT Tu Asesor de Confianza Tu SOAT trae mas beneficios Solo aqu\u00ed tu SOAT viene con servicio de GRUA , Auxilio Mecanico y Revisiones T\u00e9cnicas vehiculares, con grandes descuentos Contactanos \u00bfQuieres conocer el mejor SOAT?","_links":{"self":[{"href":"https:\/\/senorsoat.com\/index.php\/wp-json\/wp\/v2\/pages\/69"}],"collection":[{"href":"https:\/\/senorsoat.com\/index.php\/wp-json\/wp\/v2\/pages"}],"about":[{"href":"https:\/\/senorsoat.com\/index.php\/wp-json\/wp\/v2\/types\/page"}],"author":[{"embeddable":true,"href":"https:\/\/senorsoat.com\/index.php\/wp-json\/wp\/v2\/users\/1"}],"replies":[{"embeddable":true,"href":"https:\/\/senorsoat.com\/index.php\/wp-json\/wp\/v2\/comments?post=69"}],"version-history":[{"count":42,"href":"https:\/\/senorsoat.com\/index.php\/wp-json\/wp\/v2\/pages\/69\/revisions"}],"predecessor-version":[{"id":806,"href":"https:\/\/senorsoat.com\/index.php\/wp-json\/wp\/v2\/pages\/69\/revisions\/806"}],"wp:attachment":[{"href":"https:\/\/senorsoat.com\/index.php\/wp-json\/wp\/v2\/media?parent=69"}],"curies":[{"name":"wp","href":"https:\/\/api.w.org\/{rel}","templated":true}]}}