{"id":72,"date":"2022-04-02T06:22:14","date_gmt":"2022-04-02T06:22:14","guid":{"rendered":"https:\/\/senorsoat.com\/index.php\/about-us\/"},"modified":"2024-07-04T00:01:28","modified_gmt":"2024-07-04T00:01:28","slug":"senor-soat","status":"publish","type":"page","link":"https:\/\/senorsoat.com\/index.php\/senor-soat\/","title":{"rendered":"Conocenos"},"content":{"rendered":"\n<div class=\"wp-block-uagb-advanced-heading uagb-block-f8edc3e8\"><h1 class=\"uagb-heading-text\">                  Conoce a SE\u00d1OR SOAT<\/h1><p class=\"uagb-desc-text\">Entendemos lo dif\u00edcil que puede ser enfrentar las consecuencias de un accidente. Es por eso que estamos aqu\u00ed para ayudarte en cada paso y proceso de atenci\u00f3n por siniestro.<\/p><\/div>\n\n\n\n<div class=\"wp-block-uagb-container uagb-block-5e3c0d95 alignfull uagb-is-root-container\"><div class=\"uagb-container-inner-blocks-wrap\">\n<div class=\"wp-block-uagb-advanced-heading uagb-block-bf26605b\"><h3 class=\"uagb-heading-text\">Expertos en SOAT\u200b<\/h3><\/div>\n\n\n\n<div class=\"wp-block-uagb-image aligncenter uagb-block-7cc9078b wp-block-uagb-image--layout-default wp-block-uagb-image--effect-static wp-block-uagb-image--align-center\"><figure class=\"wp-block-uagb-image__figure\"><img decoding=\"async\" srcset=\"https:\/\/senorsoat.com\/wp-content\/uploads\/2024\/07\/png-conoce-senor-soat-1024x573.png ,https:\/\/senorsoat.com\/wp-content\/uploads\/2024\/07\/png-conoce-senor-soat.png 780w, https:\/\/senorsoat.com\/wp-content\/uploads\/2024\/07\/png-conoce-senor-soat.png 360w\" sizes=\"(max-width: 480px) 150px\" src=\"https:\/\/senorsoat.com\/wp-content\/uploads\/2024\/07\/png-conoce-senor-soat-1024x573.png\" alt=\"\" class=\"uag-image-776\" width=\"1024\" height=\"573\" title=\"png conoce sen\u0303or soat\" loading=\"lazy\" role=\"img\"\/><\/figure><\/div>\n\n\n\n<div class=\"wp-block-uagb-buttons uagb-buttons__outer-wrap uagb-btn__default-btn uagb-btn-tablet__default-btn uagb-btn-mobile__default-btn uagb-block-ae3695e2\"><div class=\"uagb-buttons__wrap uagb-buttons-layout-wrap \">\n<div class=\"wp-block-uagb-buttons-child uagb-buttons__outer-wrap uagb-block-e98f63a2 wp-block-button\"><div class=\"uagb-button__wrapper\"><a class=\"uagb-buttons-repeater wp-block-button__link\" aria-label=\"\" href=\"https:\/\/t.me\/srsoat\" rel=\"follow noopener\" target=\"_self\" role=\"button\"><div class=\"uagb-button__link\">CHAT CON Sr. SOAT<\/div><\/a><\/div><\/div>\n<\/div><\/div>\n<\/div><\/div>\n\n\n\n<div class=\"wp-block-uagb-container uagb-block-76ac271c alignfull uagb-is-root-container\"><div class=\"uagb-container-inner-blocks-wrap\">\n<div class=\"wp-block-uagb-container uagb-block-d7c28146\">\n<div class=\"wp-block-uagb-advanced-heading uagb-block-2abcf1ae\"><h2 class=\"uagb-heading-text\">COMPROMISO<\/h2><\/div>\n<\/div>\n\n\n\n<div class=\"wp-block-uagb-container uagb-block-f7979e79\">\n<div class=\"wp-block-uagb-info-box uagb-block-755168ac uagb-infobox__content-wrap  uagb-infobox-icon-above-title uagb-infobox-image-valign-top\"><div class=\"uagb-ifb-content\"><div class=\"uagb-ifb-title-wrap\"><div class=\"uagb-ifb-separator\"><\/div><h3 class=\"uagb-ifb-title\">TU MEJOR SOAT EN SE\u00d1OR SOAT\u200b<\/h3><\/div><p class=\"uagb-ifb-desc\">En SE\u00d1OR SOAT, nos enorgullece ser tu aliado en la protecci\u00f3n de lo que m\u00e1s importa. Conf\u00eda en nuestros servicios de corredor de seguros y SOAT para vivir con confianza y tranquilidad. Contacta con nosotros y descubre c\u00f3mo podemos ayudarte a asegurar un futuro m\u00e1s seguro hoy mismo. <\/p><div class=\"uagb-ifb-button-wrapper uagb-ifb-button-type-text wp-block-button\"><a href=\"#\" target=\"_self\" onclick=\"return false;\" class=\"uagb-infobox-cta-link wp-block-button__link\" rel=\"noopener noreferrer\"><svg xmlns=\"https:\/\/www.w3.org\/2000\/svg\" viewBox=\"0 0 512 512\"><path d=\"M502.6 278.6l-128 128c-12.51 12.51-32.76 12.49-45.25 0c-12.5-12.5-12.5-32.75 0-45.25L402.8 288H32C14.31 288 0 273.7 0 255.1S14.31 224 32 224h370.8l-73.38-73.38c-12.5-12.5-12.5-32.75 0-45.25s32.75-12.5 45.25 0l128 128C515.1 245.9 515.1 266.1 502.6 278.6z\"><\/path><\/svg><span class=\"uagb-inline-editing\"><\/span><\/a><\/div><\/div><\/div>\n<\/div>\n<\/div><\/div>\n","protected":false},"excerpt":{"rendered":"<p>Conoce a SE\u00d1OR SOAT Entendemos lo dif\u00edcil que puede ser enfrentar las consecuencias de un accidente. Es por eso que estamos aqu\u00ed para ayudarte en cada paso y proceso de atenci\u00f3n por siniestro. Expertos en SOAT\u200b COMPROMISO<\/p>\n","protected":false},"author":1,"featured_media":0,"parent":0,"menu_order":0,"comment_status":"closed","ping_status":"closed","template":"","meta":{"om_disable_all_campaigns":false,"_uag_custom_page_level_css":"","_monsterinsights_skip_tracking":false,"_monsterinsights_sitenote_active":false,"_monsterinsights_sitenote_note":"","_monsterinsights_sitenote_category":0,"_uf_show_specific_survey":0,"_uf_disable_surveys":false,"site-sidebar-layout":"no-sidebar","site-content-layout":"page-builder","ast-global-header-display":"","ast-banner-title-visibility":"","ast-main-header-display":"","ast-hfb-above-header-display":"","ast-hfb-below-header-display":"","ast-hfb-mobile-header-display":"","site-post-title":"disabled","ast-breadcrumbs-content":"","ast-featured-img":"disabled","footer-sml-layout":"","theme-transparent-header-meta":"","adv-header-id-meta":"","stick-header-meta":"","header-above-stick-meta":"","header-main-stick-meta":"","header-below-stick-meta":"","_joinchat":[]},"yoast_head":"<!-- This site is optimized with the Yoast SEO plugin v21.5 - https:\/\/yoast.com\/wordpress\/plugins\/seo\/ -->\n<title>Conocenos - se\u00f1or soat<\/title>\n<meta name=\"description\" content=\"Equipo de SE\u00d1OR SOAT, dedicados ayudarte durante y despu\u00e9s del accidente de transito, el mejor SOAT en ica con mejores beneficios.\" \/>\n<meta name=\"robots\" content=\"index, follow, max-snippet:-1, max-image-preview:large, max-video-preview:-1\" \/>\n<link rel=\"canonical\" href=\"https:\/\/senorsoat.com\/index.php\/senor-soat\/\" \/>\n<meta property=\"og:locale\" content=\"es_ES\" \/>\n<meta property=\"og:type\" content=\"article\" \/>\n<meta property=\"og:title\" content=\"Conocenos - se\u00f1or soat\" \/>\n<meta property=\"og:description\" content=\"Equipo de SE\u00d1OR SOAT, dedicados ayudarte durante y despu\u00e9s del accidente de transito, el mejor SOAT en ica con mejores beneficios.\" \/>\n<meta property=\"og:url\" content=\"https:\/\/senorsoat.com\/index.php\/senor-soat\/\" \/>\n<meta property=\"og:site_name\" content=\"se\u00f1or soat\" \/>\n<meta property=\"article:modified_time\" content=\"2024-07-04T00:01:28+00:00\" \/>\n<meta property=\"og:image\" content=\"https:\/\/senorsoat.com\/wp-content\/uploads\/2024\/07\/png-conoce-senor-soat-1024x573.png\" \/>\n<meta name=\"twitter:card\" content=\"summary_large_image\" \/>\n<meta name=\"twitter:label1\" content=\"Tiempo de lectura\" \/>\n\t<meta name=\"twitter:data1\" content=\"1 minuto\" \/>\n<script type=\"application\/ld+json\" class=\"yoast-schema-graph\">{\"@context\":\"https:\/\/schema.org\",\"@graph\":[{\"@type\":\"WebPage\",\"@id\":\"https:\/\/senorsoat.com\/index.php\/senor-soat\/\",\"url\":\"https:\/\/senorsoat.com\/index.php\/senor-soat\/\",\"name\":\"Conocenos - se\u00f1or soat\",\"isPartOf\":{\"@id\":\"https:\/\/senorsoat.com\/#website\"},\"datePublished\":\"2022-04-02T06:22:14+00:00\",\"dateModified\":\"2024-07-04T00:01:28+00:00\",\"description\":\"Equipo de SE\u00d1OR SOAT, dedicados ayudarte durante y despu\u00e9s del accidente de transito, el mejor SOAT en ica con mejores beneficios.\",\"breadcrumb\":{\"@id\":\"https:\/\/senorsoat.com\/index.php\/senor-soat\/#breadcrumb\"},\"inLanguage\":\"es\",\"potentialAction\":[{\"@type\":\"ReadAction\",\"target\":[\"https:\/\/senorsoat.com\/index.php\/senor-soat\/\"]}]},{\"@type\":\"BreadcrumbList\",\"@id\":\"https:\/\/senorsoat.com\/index.php\/senor-soat\/#breadcrumb\",\"itemListElement\":[{\"@type\":\"ListItem\",\"position\":1,\"name\":\"Portada\",\"item\":\"https:\/\/senorsoat.com\/\"},{\"@type\":\"ListItem\",\"position\":2,\"name\":\"Conocenos\"}]},{\"@type\":\"WebSite\",\"@id\":\"https:\/\/senorsoat.com\/#website\",\"url\":\"https:\/\/senorsoat.com\/\",\"name\":\"se\u00f1or soat\",\"description\":\"\",\"publisher\":{\"@id\":\"https:\/\/senorsoat.com\/#organization\"},\"potentialAction\":[{\"@type\":\"SearchAction\",\"target\":{\"@type\":\"EntryPoint\",\"urlTemplate\":\"https:\/\/senorsoat.com\/?s={search_term_string}\"},\"query-input\":\"required name=search_term_string\"}],\"inLanguage\":\"es\"},{\"@type\":\"Organization\",\"@id\":\"https:\/\/senorsoat.com\/#organization\",\"name\":\"se\u00f1or soat\",\"url\":\"https:\/\/senorsoat.com\/\",\"logo\":{\"@type\":\"ImageObject\",\"inLanguage\":\"es\",\"@id\":\"https:\/\/senorsoat.com\/#\/schema\/logo\/image\/\",\"url\":\"https:\/\/senorsoat.com\/wp-content\/uploads\/2025\/08\/cropped-SENOR-SOAT-LOGO1.png\",\"contentUrl\":\"https:\/\/senorsoat.com\/wp-content\/uploads\/2025\/08\/cropped-SENOR-SOAT-LOGO1.png\",\"width\":1415,\"height\":838,\"caption\":\"se\u00f1or soat\"},\"image\":{\"@id\":\"https:\/\/senorsoat.com\/#\/schema\/logo\/image\/\"}}]}<\/script>\n<!-- \/ Yoast SEO plugin. -->","yoast_head_json":{"title":"Conocenos - se\u00f1or soat","description":"Equipo de SE\u00d1OR SOAT, dedicados ayudarte durante y despu\u00e9s del accidente de transito, el mejor SOAT en ica con mejores beneficios.","robots":{"index":"index","follow":"follow","max-snippet":"max-snippet:-1","max-image-preview":"max-image-preview:large","max-video-preview":"max-video-preview:-1"},"canonical":"https:\/\/senorsoat.com\/index.php\/senor-soat\/","og_locale":"es_ES","og_type":"article","og_title":"Conocenos - se\u00f1or soat","og_description":"Equipo de SE\u00d1OR SOAT, dedicados ayudarte durante y despu\u00e9s del accidente de transito, el mejor SOAT en ica con mejores beneficios.","og_url":"https:\/\/senorsoat.com\/index.php\/senor-soat\/","og_site_name":"se\u00f1or soat","article_modified_time":"2024-07-04T00:01:28+00:00","og_image":[{"url":"https:\/\/senorsoat.com\/wp-content\/uploads\/2024\/07\/png-conoce-senor-soat-1024x573.png"}],"twitter_card":"summary_large_image","twitter_misc":{"Tiempo de lectura":"1 minuto"},"schema":{"@context":"https:\/\/schema.org","@graph":[{"@type":"WebPage","@id":"https:\/\/senorsoat.com\/index.php\/senor-soat\/","url":"https:\/\/senorsoat.com\/index.php\/senor-soat\/","name":"Conocenos - se\u00f1or soat","isPartOf":{"@id":"https:\/\/senorsoat.com\/#website"},"datePublished":"2022-04-02T06:22:14+00:00","dateModified":"2024-07-04T00:01:28+00:00","description":"Equipo de SE\u00d1OR SOAT, dedicados ayudarte durante y despu\u00e9s del accidente de transito, el mejor SOAT en ica con mejores beneficios.","breadcrumb":{"@id":"https:\/\/senorsoat.com\/index.php\/senor-soat\/#breadcrumb"},"inLanguage":"es","potentialAction":[{"@type":"ReadAction","target":["https:\/\/senorsoat.com\/index.php\/senor-soat\/"]}]},{"@type":"BreadcrumbList","@id":"https:\/\/senorsoat.com\/index.php\/senor-soat\/#breadcrumb","itemListElement":[{"@type":"ListItem","position":1,"name":"Portada","item":"https:\/\/senorsoat.com\/"},{"@type":"ListItem","position":2,"name":"Conocenos"}]},{"@type":"WebSite","@id":"https:\/\/senorsoat.com\/#website","url":"https:\/\/senorsoat.com\/","name":"se\u00f1or soat","description":"","publisher":{"@id":"https:\/\/senorsoat.com\/#organization"},"potentialAction":[{"@type":"SearchAction","target":{"@type":"EntryPoint","urlTemplate":"https:\/\/senorsoat.com\/?s={search_term_string}"},"query-input":"required name=search_term_string"}],"inLanguage":"es"},{"@type":"Organization","@id":"https:\/\/senorsoat.com\/#organization","name":"se\u00f1or soat","url":"https:\/\/senorsoat.com\/","logo":{"@type":"ImageObject","inLanguage":"es","@id":"https:\/\/senorsoat.com\/#\/schema\/logo\/image\/","url":"https:\/\/senorsoat.com\/wp-content\/uploads\/2025\/08\/cropped-SENOR-SOAT-LOGO1.png","contentUrl":"https:\/\/senorsoat.com\/wp-content\/uploads\/2025\/08\/cropped-SENOR-SOAT-LOGO1.png","width":1415,"height":838,"caption":"se\u00f1or soat"},"image":{"@id":"https:\/\/senorsoat.com\/#\/schema\/logo\/image\/"}}]}},"uagb_featured_image_src":{"full":false,"thumbnail":false,"medium":false,"medium_large":false,"large":false,"1536x1536":false,"2048x2048":false},"uagb_author_info":{"display_name":"senorsoat.com","author_link":"https:\/\/senorsoat.com\/index.php\/author\/senorsoat-com\/"},"uagb_comment_info":0,"uagb_excerpt":"Conoce a SE\u00d1OR SOAT Entendemos lo dif\u00edcil que puede ser enfrentar las consecuencias de un accidente. Es por eso que estamos aqu\u00ed para ayudarte en cada paso y proceso de atenci\u00f3n por siniestro. Expertos en SOAT\u200b COMPROMISO","_links":{"self":[{"href":"https:\/\/senorsoat.com\/index.php\/wp-json\/wp\/v2\/pages\/72"}],"collection":[{"href":"https:\/\/senorsoat.com\/index.php\/wp-json\/wp\/v2\/pages"}],"about":[{"href":"https:\/\/senorsoat.com\/index.php\/wp-json\/wp\/v2\/types\/page"}],"author":[{"embeddable":true,"href":"https:\/\/senorsoat.com\/index.php\/wp-json\/wp\/v2\/users\/1"}],"replies":[{"embeddable":true,"href":"https:\/\/senorsoat.com\/index.php\/wp-json\/wp\/v2\/comments?post=72"}],"version-history":[{"count":29,"href":"https:\/\/senorsoat.com\/index.php\/wp-json\/wp\/v2\/pages\/72\/revisions"}],"predecessor-version":[{"id":778,"href":"https:\/\/senorsoat.com\/index.php\/wp-json\/wp\/v2\/pages\/72\/revisions\/778"}],"wp:attachment":[{"href":"https:\/\/senorsoat.com\/index.php\/wp-json\/wp\/v2\/media?parent=72"}],"curies":[{"name":"wp","href":"https:\/\/api.w.org\/{rel}","templated":true}]}}