{"id":74,"date":"2022-04-02T06:22:48","date_gmt":"2022-04-02T06:22:48","guid":{"rendered":"https:\/\/senorsoat.com\/index.php\/services\/"},"modified":"2024-07-04T16:11:04","modified_gmt":"2024-07-04T16:11:04","slug":"servicios","status":"publish","type":"page","link":"https:\/\/senorsoat.com\/index.php\/servicios\/","title":{"rendered":"Servicios"},"content":{"rendered":"\n<div class=\"wp-block-uagb-container uagb-block-45071f00 alignfull uagb-is-root-container\"><div class=\"uagb-container-inner-blocks-wrap\">\n<div class=\"wp-block-uagb-advanced-heading uagb-block-122a7e65\"><h1 class=\"uagb-heading-text\">Servicios<\/h1><p class=\"uagb-desc-text\">En SE\u00d1OR SOAT sabemos que no todos somos iguales, es por eso que nos comprometemos a brindarte una evaluaci\u00f3n detallada para que puedas administrar eficientemente tus riesgo. seguros SOAT personas , seguro SOAT para empresas.<\/p><\/div>\n<\/div><\/div>\n\n\n\n<div class=\"wp-block-uagb-container uagb-block-517c0740 alignfull uagb-is-root-container\"><div class=\"uagb-container-inner-blocks-wrap\">\n<div class=\"wp-block-uagb-image uagb-block-caf26dd1 wp-block-uagb-image--layout-default wp-block-uagb-image--effect-static wp-block-uagb-image--align-none\"><figure class=\"wp-block-uagb-image__figure\"><img decoding=\"async\" srcset=\"https:\/\/senorsoat.com\/wp-content\/uploads\/2024\/07\/servicio-senor-soat-1024x573.png ,https:\/\/senorsoat.com\/wp-content\/uploads\/2024\/07\/servicio-senor-soat.png 780w, https:\/\/senorsoat.com\/wp-content\/uploads\/2024\/07\/servicio-senor-soat.png 360w\" sizes=\"(max-width: 480px) 150px\" src=\"https:\/\/senorsoat.com\/wp-content\/uploads\/2024\/07\/servicio-senor-soat-1024x573.png\" alt=\"\" class=\"uag-image-790\" width=\"1024\" height=\"573\" title=\"servicio sen\u0303or soat\" loading=\"lazy\" role=\"img\"\/><\/figure><\/div>\n<\/div><\/div>\n\n\n\n<div class=\"wp-block-uagb-buttons uagb-buttons__outer-wrap uagb-btn__default-btn uagb-btn-tablet__default-btn uagb-btn-mobile__default-btn uagb-block-8cc4e5bd\"><div class=\"uagb-buttons__wrap uagb-buttons-layout-wrap \">\n<div class=\"wp-block-uagb-buttons-child uagb-buttons__outer-wrap uagb-block-5cb65f0b wp-block-button\"><div class=\"uagb-button__wrapper\"><a class=\"uagb-buttons-repeater wp-block-button__link\" aria-label=\"\" href=\"https:\/\/bit.ly\/SE\u00d1ORSOAT\" rel=\"follow noopener\" target=\"_self\" role=\"button\"><div class=\"uagb-button__link\">Asesoria GRATIS<\/div><\/a><\/div><\/div>\n<\/div><\/div>\n\n\n\n<div class=\"wp-block-uagb-container uagb-block-04c997d1 alignfull uagb-is-root-container\"><div class=\"uagb-container-inner-blocks-wrap\">\n<div class=\"wp-block-uagb-advanced-heading uagb-block-258af7c7\"><h2 class=\"uagb-heading-text\">\u00bfPreguntas Frecuentes?<\/h2><\/div>\n\n\n\n<div class=\"wp-block-uagb-container uagb-block-a60a1fcf\">\n<div class=\"wp-block-uagb-container uagb-block-3329ebbd\">\n<div class=\"wp-block-uagb-info-box uagb-block-61cdc8e4 uagb-infobox__content-wrap  uagb-infobox-icon-above-title uagb-infobox-image-valign-top\"><div class=\"uagb-ifb-content\"><div class=\"uagb-ifb-title-wrap\"><h3 class=\"uagb-ifb-title\">Activar tu SOAT<\/h3><\/div><p class=\"uagb-ifb-desc\">Tu SOAT se activa,  al dar aviso del accidente a tu compa\u00f1\u00eda de seguros y luego realizar tramite policial por accidente de transito <\/p><div class=\"uagb-ifb-button-wrapper uagb-ifb-button-type-text wp-block-button\"><a href=\"#\" target=\"_self\" onclick=\"return false;\" class=\"uagb-infobox-cta-link wp-block-button__link\" rel=\"noopener noreferrer\"><svg xmlns=\"https:\/\/www.w3.org\/2000\/svg\" viewBox=\"0 0 512 512\"><path d=\"M502.6 278.6l-128 128c-12.51 12.51-32.76 12.49-45.25 0c-12.5-12.5-12.5-32.75 0-45.25L402.8 288H32C14.31 288 0 273.7 0 255.1S14.31 224 32 224h370.8l-73.38-73.38c-12.5-12.5-12.5-32.75 0-45.25s32.75-12.5 45.25 0l128 128C515.1 245.9 515.1 266.1 502.6 278.6z\"><\/path><\/svg><span class=\"uagb-inline-editing\"><\/span><\/a><\/div><\/div><\/div>\n<\/div>\n\n\n\n<div class=\"wp-block-uagb-container uagb-block-6fe02c1a\">\n<div class=\"wp-block-uagb-info-box uagb-block-78f42a93 uagb-infobox__content-wrap  uagb-infobox-icon-above-title uagb-infobox-image-valign-top\"><div class=\"uagb-ifb-content\"><div class=\"uagb-ifb-title-wrap\"><h3 class=\"uagb-ifb-title\">Conocer SOAT vigente<\/h3><\/div><p class=\"uagb-ifb-desc\">Puedes conocer si tu SOAT se encuentra activo y vigente , ingresando a la pagina web de la Asociaci\u00f3n Peruana de Seguros APESEG<\/p><div class=\"uagb-ifb-button-wrapper uagb-ifb-button-type-text wp-block-button\"><a href=\"#\" target=\"_self\" onclick=\"return false;\" class=\"uagb-infobox-cta-link wp-block-button__link\" rel=\"noopener noreferrer\"><svg xmlns=\"https:\/\/www.w3.org\/2000\/svg\" viewBox=\"0 0 512 512\"><path d=\"M502.6 278.6l-128 128c-12.51 12.51-32.76 12.49-45.25 0c-12.5-12.5-12.5-32.75 0-45.25L402.8 288H32C14.31 288 0 273.7 0 255.1S14.31 224 32 224h370.8l-73.38-73.38c-12.5-12.5-12.5-32.75 0-45.25s32.75-12.5 45.25 0l128 128C515.1 245.9 515.1 266.1 502.6 278.6z\"><\/path><\/svg><span class=\"uagb-inline-editing\"><\/span><\/a><\/div><\/div><\/div>\n<\/div>\n\n\n\n<div class=\"wp-block-uagb-container uagb-block-0aa70852\">\n<div class=\"wp-block-uagb-info-box uagb-block-635c9e9c uagb-infobox__content-wrap  uagb-infobox-icon-above-title uagb-infobox-image-valign-top\"><div class=\"uagb-ifb-content\"><div class=\"uagb-ifb-title-wrap\"><h3 class=\"uagb-ifb-title\">El SOAT cubre da\u00f1os materiales<\/h3><\/div><p class=\"uagb-ifb-desc\">El SOAT es un seguro elaborado para cubrir unica y exclusivamente  los gastos medicos para la recuperaci\u00f3n de las personas lesionadas<\/p><div class=\"uagb-ifb-button-wrapper uagb-ifb-button-type-text wp-block-button\"><a href=\"#\" target=\"_self\" onclick=\"return false;\" class=\"uagb-infobox-cta-link wp-block-button__link\" rel=\"noopener noreferrer\"><svg xmlns=\"https:\/\/www.w3.org\/2000\/svg\" viewBox=\"0 0 512 512\"><path d=\"M502.6 278.6l-128 128c-12.51 12.51-32.76 12.49-45.25 0c-12.5-12.5-12.5-32.75 0-45.25L402.8 288H32C14.31 288 0 273.7 0 255.1S14.31 224 32 224h370.8l-73.38-73.38c-12.5-12.5-12.5-32.75 0-45.25s32.75-12.5 45.25 0l128 128C515.1 245.9 515.1 266.1 502.6 278.6z\"><\/path><\/svg><span class=\"uagb-inline-editing\"><\/span><\/a><\/div><\/div><\/div>\n<\/div>\n<\/div>\n\n\n\n<div class=\"wp-block-uagb-container uagb-block-c79ba7fe\">\n<div class=\"wp-block-uagb-container uagb-block-3b70ffe4\">\n<div class=\"wp-block-uagb-info-box uagb-block-b1affcb7 uagb-infobox__content-wrap  uagb-infobox-icon-above-title uagb-infobox-image-valign-top\"><div class=\"uagb-ifb-content\"><div class=\"uagb-ifb-title-wrap\"><h3 class=\"uagb-ifb-title\">Es delito conducir sin SOAT<\/h3><\/div><p class=\"uagb-ifb-desc\">Solo para veh\u00edculos de uso publico ejem: taxis, mototaxi, transporte escolar<\/p><div class=\"uagb-ifb-button-wrapper uagb-ifb-button-type-text wp-block-button\"><a href=\"#\" target=\"_self\" onclick=\"return false;\" class=\"uagb-infobox-cta-link wp-block-button__link\" rel=\"noopener noreferrer\"><svg xmlns=\"https:\/\/www.w3.org\/2000\/svg\" viewBox=\"0 0 512 512\"><path d=\"M502.6 278.6l-128 128c-12.51 12.51-32.76 12.49-45.25 0c-12.5-12.5-12.5-32.75 0-45.25L402.8 288H32C14.31 288 0 273.7 0 255.1S14.31 224 32 224h370.8l-73.38-73.38c-12.5-12.5-12.5-32.75 0-45.25s32.75-12.5 45.25 0l128 128C515.1 245.9 515.1 266.1 502.6 278.6z\"><\/path><\/svg><span class=\"uagb-inline-editing\"><\/span><\/a><\/div><\/div><\/div>\n<\/div>\n\n\n\n<div class=\"wp-block-uagb-container uagb-block-32e83efc\">\n<div class=\"wp-block-uagb-info-box uagb-block-faf8e3b0 uagb-infobox__content-wrap  uagb-infobox-icon-above-title uagb-infobox-image-valign-top\"><div class=\"uagb-ifb-content\"><div class=\"uagb-ifb-title-wrap\"><h3 class=\"uagb-ifb-title\">Saber cuanto cuesta el SOAT<\/h3><\/div><p class=\"uagb-ifb-desc\">Cada a\u00f1o las compa\u00f1\u00edas de seguros modifican sus tarifarios deacuerdo estad\u00edsticas de siniestralidad, es por eso que el precio de SOAT lo puede saber aqui.<\/p><div class=\"uagb-ifb-button-wrapper uagb-ifb-button-type-text wp-block-button\"><a href=\"#\" target=\"_self\" onclick=\"return false;\" class=\"uagb-infobox-cta-link wp-block-button__link\" rel=\"noopener noreferrer\"><svg xmlns=\"https:\/\/www.w3.org\/2000\/svg\" viewBox=\"0 0 512 512\"><path d=\"M502.6 278.6l-128 128c-12.51 12.51-32.76 12.49-45.25 0c-12.5-12.5-12.5-32.75 0-45.25L402.8 288H32C14.31 288 0 273.7 0 255.1S14.31 224 32 224h370.8l-73.38-73.38c-12.5-12.5-12.5-32.75 0-45.25s32.75-12.5 45.25 0l128 128C515.1 245.9 515.1 266.1 502.6 278.6z\"><\/path><\/svg><span class=\"uagb-inline-editing\"><\/span><\/a><\/div><\/div><\/div>\n<\/div>\n\n\n\n<div class=\"wp-block-uagb-container uagb-block-34410df4\">\n<div class=\"wp-block-uagb-info-box uagb-block-7a09a53e uagb-infobox__content-wrap  uagb-infobox-icon-above-title uagb-infobox-image-valign-top\"><div class=\"uagb-ifb-content\"><div class=\"uagb-ifb-title-wrap\"><h3 class=\"uagb-ifb-title\">Si me accidento varias veces el SOAT cubre?<\/h3><\/div><p class=\"uagb-ifb-desc\">Si, el SOAT deber\u00e1 cubrir atenci\u00f3n medica,  todas las veces que pueda sufrir un accidente de transito<\/p><div class=\"uagb-ifb-button-wrapper uagb-ifb-button-type-text wp-block-button\"><a href=\"#\" target=\"_self\" onclick=\"return false;\" class=\"uagb-infobox-cta-link wp-block-button__link\" rel=\"noopener noreferrer\"><svg xmlns=\"https:\/\/www.w3.org\/2000\/svg\" viewBox=\"0 0 512 512\"><path d=\"M502.6 278.6l-128 128c-12.51 12.51-32.76 12.49-45.25 0c-12.5-12.5-12.5-32.75 0-45.25L402.8 288H32C14.31 288 0 273.7 0 255.1S14.31 224 32 224h370.8l-73.38-73.38c-12.5-12.5-12.5-32.75 0-45.25s32.75-12.5 45.25 0l128 128C515.1 245.9 515.1 266.1 502.6 278.6z\"><\/path><\/svg><span class=\"uagb-inline-editing\"><\/span><\/a><\/div><\/div><\/div>\n<\/div>\n<\/div>\n<\/div><\/div>\n","protected":false},"excerpt":{"rendered":"<p>Servicios En SE\u00d1OR SOAT sabemos que no todos somos iguales, es por eso que nos comprometemos a brindarte una evaluaci\u00f3n detallada para que puedas administrar eficientemente tus riesgo. seguros SOAT personas , seguro SOAT para empresas. \u00bfPreguntas Frecuentes?<\/p>\n","protected":false},"author":1,"featured_media":0,"parent":0,"menu_order":0,"comment_status":"closed","ping_status":"closed","template":"","meta":{"om_disable_all_campaigns":false,"_uag_custom_page_level_css":"","_monsterinsights_skip_tracking":false,"_monsterinsights_sitenote_active":false,"_monsterinsights_sitenote_note":"","_monsterinsights_sitenote_category":0,"_uf_show_specific_survey":0,"_uf_disable_surveys":false,"site-sidebar-layout":"no-sidebar","site-content-layout":"page-builder","ast-global-header-display":"","ast-banner-title-visibility":"","ast-main-header-display":"","ast-hfb-above-header-display":"","ast-hfb-below-header-display":"","ast-hfb-mobile-header-display":"","site-post-title":"disabled","ast-breadcrumbs-content":"","ast-featured-img":"disabled","footer-sml-layout":"","theme-transparent-header-meta":"","adv-header-id-meta":"","stick-header-meta":"","header-above-stick-meta":"","header-main-stick-meta":"","header-below-stick-meta":"","_joinchat":[]},"yoast_head":"<!-- This site is optimized with the Yoast SEO plugin v21.5 - https:\/\/yoast.com\/wordpress\/plugins\/seo\/ -->\n<title>Servicios - se\u00f1or soat<\/title>\n<meta name=\"description\" content=\"No sabes como usar tu SOAT o no conoces que hacer despu\u00e9s de un accidente, en SE\u00d1OR SOAT, te ayudamos las 24 horas\" \/>\n<meta name=\"robots\" content=\"index, follow, max-snippet:-1, max-image-preview:large, max-video-preview:-1\" \/>\n<link rel=\"canonical\" href=\"https:\/\/senorsoat.com\/index.php\/servicios\/\" \/>\n<meta property=\"og:locale\" content=\"es_ES\" \/>\n<meta property=\"og:type\" content=\"article\" \/>\n<meta property=\"og:title\" content=\"Servicios - se\u00f1or soat\" \/>\n<meta property=\"og:description\" content=\"No sabes como usar tu SOAT o no conoces que hacer despu\u00e9s de un accidente, en SE\u00d1OR SOAT, te ayudamos las 24 horas\" \/>\n<meta property=\"og:url\" content=\"https:\/\/senorsoat.com\/index.php\/servicios\/\" \/>\n<meta property=\"og:site_name\" content=\"se\u00f1or soat\" \/>\n<meta property=\"article:modified_time\" content=\"2024-07-04T16:11:04+00:00\" \/>\n<meta property=\"og:image\" content=\"https:\/\/senorsoat.com\/wp-content\/uploads\/2024\/07\/servicio-senor-soat-1024x573.png\" \/>\n<meta name=\"twitter:card\" content=\"summary_large_image\" \/>\n<meta name=\"twitter:label1\" content=\"Tiempo de lectura\" \/>\n\t<meta name=\"twitter:data1\" content=\"2 minutos\" \/>\n<script type=\"application\/ld+json\" class=\"yoast-schema-graph\">{\"@context\":\"https:\/\/schema.org\",\"@graph\":[{\"@type\":\"WebPage\",\"@id\":\"https:\/\/senorsoat.com\/index.php\/servicios\/\",\"url\":\"https:\/\/senorsoat.com\/index.php\/servicios\/\",\"name\":\"Servicios - se\u00f1or soat\",\"isPartOf\":{\"@id\":\"https:\/\/senorsoat.com\/#website\"},\"datePublished\":\"2022-04-02T06:22:48+00:00\",\"dateModified\":\"2024-07-04T16:11:04+00:00\",\"description\":\"No sabes como usar tu SOAT o no conoces que hacer despu\u00e9s de un accidente, en SE\u00d1OR SOAT, te ayudamos las 24 horas\",\"breadcrumb\":{\"@id\":\"https:\/\/senorsoat.com\/index.php\/servicios\/#breadcrumb\"},\"inLanguage\":\"es\",\"potentialAction\":[{\"@type\":\"ReadAction\",\"target\":[\"https:\/\/senorsoat.com\/index.php\/servicios\/\"]}]},{\"@type\":\"BreadcrumbList\",\"@id\":\"https:\/\/senorsoat.com\/index.php\/servicios\/#breadcrumb\",\"itemListElement\":[{\"@type\":\"ListItem\",\"position\":1,\"name\":\"Portada\",\"item\":\"https:\/\/senorsoat.com\/\"},{\"@type\":\"ListItem\",\"position\":2,\"name\":\"Servicios\"}]},{\"@type\":\"WebSite\",\"@id\":\"https:\/\/senorsoat.com\/#website\",\"url\":\"https:\/\/senorsoat.com\/\",\"name\":\"se\u00f1or soat\",\"description\":\"\",\"publisher\":{\"@id\":\"https:\/\/senorsoat.com\/#organization\"},\"potentialAction\":[{\"@type\":\"SearchAction\",\"target\":{\"@type\":\"EntryPoint\",\"urlTemplate\":\"https:\/\/senorsoat.com\/?s={search_term_string}\"},\"query-input\":\"required name=search_term_string\"}],\"inLanguage\":\"es\"},{\"@type\":\"Organization\",\"@id\":\"https:\/\/senorsoat.com\/#organization\",\"name\":\"se\u00f1or soat\",\"url\":\"https:\/\/senorsoat.com\/\",\"logo\":{\"@type\":\"ImageObject\",\"inLanguage\":\"es\",\"@id\":\"https:\/\/senorsoat.com\/#\/schema\/logo\/image\/\",\"url\":\"https:\/\/senorsoat.com\/wp-content\/uploads\/2025\/08\/cropped-SENOR-SOAT-LOGO1.png\",\"contentUrl\":\"https:\/\/senorsoat.com\/wp-content\/uploads\/2025\/08\/cropped-SENOR-SOAT-LOGO1.png\",\"width\":1415,\"height\":838,\"caption\":\"se\u00f1or soat\"},\"image\":{\"@id\":\"https:\/\/senorsoat.com\/#\/schema\/logo\/image\/\"}}]}<\/script>\n<!-- \/ Yoast SEO plugin. -->","yoast_head_json":{"title":"Servicios - se\u00f1or soat","description":"No sabes como usar tu SOAT o no conoces que hacer despu\u00e9s de un accidente, en SE\u00d1OR SOAT, te ayudamos las 24 horas","robots":{"index":"index","follow":"follow","max-snippet":"max-snippet:-1","max-image-preview":"max-image-preview:large","max-video-preview":"max-video-preview:-1"},"canonical":"https:\/\/senorsoat.com\/index.php\/servicios\/","og_locale":"es_ES","og_type":"article","og_title":"Servicios - se\u00f1or soat","og_description":"No sabes como usar tu SOAT o no conoces que hacer despu\u00e9s de un accidente, en SE\u00d1OR SOAT, te ayudamos las 24 horas","og_url":"https:\/\/senorsoat.com\/index.php\/servicios\/","og_site_name":"se\u00f1or soat","article_modified_time":"2024-07-04T16:11:04+00:00","og_image":[{"url":"https:\/\/senorsoat.com\/wp-content\/uploads\/2024\/07\/servicio-senor-soat-1024x573.png"}],"twitter_card":"summary_large_image","twitter_misc":{"Tiempo de lectura":"2 minutos"},"schema":{"@context":"https:\/\/schema.org","@graph":[{"@type":"WebPage","@id":"https:\/\/senorsoat.com\/index.php\/servicios\/","url":"https:\/\/senorsoat.com\/index.php\/servicios\/","name":"Servicios - se\u00f1or soat","isPartOf":{"@id":"https:\/\/senorsoat.com\/#website"},"datePublished":"2022-04-02T06:22:48+00:00","dateModified":"2024-07-04T16:11:04+00:00","description":"No sabes como usar tu SOAT o no conoces que hacer despu\u00e9s de un accidente, en SE\u00d1OR SOAT, te ayudamos las 24 horas","breadcrumb":{"@id":"https:\/\/senorsoat.com\/index.php\/servicios\/#breadcrumb"},"inLanguage":"es","potentialAction":[{"@type":"ReadAction","target":["https:\/\/senorsoat.com\/index.php\/servicios\/"]}]},{"@type":"BreadcrumbList","@id":"https:\/\/senorsoat.com\/index.php\/servicios\/#breadcrumb","itemListElement":[{"@type":"ListItem","position":1,"name":"Portada","item":"https:\/\/senorsoat.com\/"},{"@type":"ListItem","position":2,"name":"Servicios"}]},{"@type":"WebSite","@id":"https:\/\/senorsoat.com\/#website","url":"https:\/\/senorsoat.com\/","name":"se\u00f1or soat","description":"","publisher":{"@id":"https:\/\/senorsoat.com\/#organization"},"potentialAction":[{"@type":"SearchAction","target":{"@type":"EntryPoint","urlTemplate":"https:\/\/senorsoat.com\/?s={search_term_string}"},"query-input":"required name=search_term_string"}],"inLanguage":"es"},{"@type":"Organization","@id":"https:\/\/senorsoat.com\/#organization","name":"se\u00f1or soat","url":"https:\/\/senorsoat.com\/","logo":{"@type":"ImageObject","inLanguage":"es","@id":"https:\/\/senorsoat.com\/#\/schema\/logo\/image\/","url":"https:\/\/senorsoat.com\/wp-content\/uploads\/2025\/08\/cropped-SENOR-SOAT-LOGO1.png","contentUrl":"https:\/\/senorsoat.com\/wp-content\/uploads\/2025\/08\/cropped-SENOR-SOAT-LOGO1.png","width":1415,"height":838,"caption":"se\u00f1or soat"},"image":{"@id":"https:\/\/senorsoat.com\/#\/schema\/logo\/image\/"}}]}},"uagb_featured_image_src":{"full":false,"thumbnail":false,"medium":false,"medium_large":false,"large":false,"1536x1536":false,"2048x2048":false},"uagb_author_info":{"display_name":"senorsoat.com","author_link":"https:\/\/senorsoat.com\/index.php\/author\/senorsoat-com\/"},"uagb_comment_info":0,"uagb_excerpt":"Servicios En SE\u00d1OR SOAT sabemos que no todos somos iguales, es por eso que nos comprometemos a brindarte una evaluaci\u00f3n detallada para que puedas administrar eficientemente tus riesgo. seguros SOAT personas , seguro SOAT para empresas. \u00bfPreguntas Frecuentes?","_links":{"self":[{"href":"https:\/\/senorsoat.com\/index.php\/wp-json\/wp\/v2\/pages\/74"}],"collection":[{"href":"https:\/\/senorsoat.com\/index.php\/wp-json\/wp\/v2\/pages"}],"about":[{"href":"https:\/\/senorsoat.com\/index.php\/wp-json\/wp\/v2\/types\/page"}],"author":[{"embeddable":true,"href":"https:\/\/senorsoat.com\/index.php\/wp-json\/wp\/v2\/users\/1"}],"replies":[{"embeddable":true,"href":"https:\/\/senorsoat.com\/index.php\/wp-json\/wp\/v2\/comments?post=74"}],"version-history":[{"count":18,"href":"https:\/\/senorsoat.com\/index.php\/wp-json\/wp\/v2\/pages\/74\/revisions"}],"predecessor-version":[{"id":792,"href":"https:\/\/senorsoat.com\/index.php\/wp-json\/wp\/v2\/pages\/74\/revisions\/792"}],"wp:attachment":[{"href":"https:\/\/senorsoat.com\/index.php\/wp-json\/wp\/v2\/media?parent=74"}],"curies":[{"name":"wp","href":"https:\/\/api.w.org\/{rel}","templated":true}]}}